{"id":160,"date":"2012-07-13T11:29:21","date_gmt":"2012-07-13T18:29:21","guid":{"rendered":"https:\/\/titi.me\/comic-con\/?page_id=160"},"modified":"2012-07-22T07:00:38","modified_gmt":"2012-07-22T14:00:38","slug":"photos-teen-wolf-panel","status":"publish","type":"page","link":"https:\/\/titi.me\/comic-con\/photos-teen-wolf-panel\/","title":{"rendered":"Teen Wolf &#8211; Panel"},"content":{"rendered":"<p>Les photos et la vid\u00e9o du Panel de Teen Wolf. S\u00e9rie diffus\u00e9e sur MTV.<\/p>\n<!-- Awesome Flickr Gallery Start --><!-- - Version - 3.5.6 - User ID - 62862532@N00 - Photoset ID - 72157630553097138 - Gallery ID -  - Group ID -  - Tags -  - Popular -  - Per Page - 24 - Sort Order - flickr - Photo Size - _s - Custom Size - 0 - Square - false - Captions - off - Description - off - Columns - 6 - Credit Note - off - Background Color - Transparent - Width - auto - Pagination - on - Slideshow - disable - Disable slideshow? - 1--><div class='afg-gallery custom-gallery-3' id='afg-3' style='background-color:Transparent; width:100%; color:; border-color:Transparent;'><div class='afg-table' style='width:100%'><div class='afg-row'><div class='afg-cell' style='width:16%;'><a    href='https:\/\/farm8.staticflickr.com\/7133\/7560190526_1a7c882a30_b.jpg' title='Teen Wolf - Panel'><img class='afg-img' title='Teen Wolf - Panel' src='https:\/\/farm8.static.flickr.com\/7133\/7560190526_1a7c882a30_s.jpg' alt='Teen Wolf - Panel \u2022 &lt;a style=&quot;font-size:0.8em;&quot; href=&quot;http:\/\/www.flickr.com\/photos\/62862532@N00\/7560190526\/&quot; target=&quot;_blank&quot;&gt;View on Flickr&lt;\/a&gt;'\/><\/a><\/div><div class='afg-cell' style='width:16%;'><a    href='https:\/\/farm9.staticflickr.com\/8020\/7560234812_c08f0e2b62_b.jpg' title='Teen Wolf - Panel'><img class='afg-img' title='Teen Wolf - Panel' src='https:\/\/farm9.static.flickr.com\/8020\/7560234812_c08f0e2b62_s.jpg' alt='Teen Wolf - Panel \u2022 &lt;a style=&quot;font-size:0.8em;&quot; href=&quot;http:\/\/www.flickr.com\/photos\/62862532@N00\/7560234812\/&quot; target=&quot;_blank&quot;&gt;View on Flickr&lt;\/a&gt;'\/><\/a><\/div><div class='afg-cell' style='width:16%;'><a    href='https:\/\/farm8.staticflickr.com\/7259\/7560230594_bf352faa21_b.jpg' title='Teen Wolf - Panel'><img class='afg-img' title='Teen Wolf - Panel' src='https:\/\/farm8.static.flickr.com\/7259\/7560230594_bf352faa21_s.jpg' alt='Teen Wolf - Panel \u2022 &lt;a style=&quot;font-size:0.8em;&quot; href=&quot;http:\/\/www.flickr.com\/photos\/62862532@N00\/7560230594\/&quot; target=&quot;_blank&quot;&gt;View on Flickr&lt;\/a&gt;'\/><\/a><\/div><div class='afg-cell' style='width:16%;'><a    href='https:\/\/farm9.staticflickr.com\/8008\/7560226506_11c79c6df6_b.jpg' title='Teen Wolf - Panel'><img class='afg-img' title='Teen Wolf - Panel' src='https:\/\/farm9.static.flickr.com\/8008\/7560226506_11c79c6df6_s.jpg' alt='Teen Wolf - Panel \u2022 &lt;a style=&quot;font-size:0.8em;&quot; href=&quot;http:\/\/www.flickr.com\/photos\/62862532@N00\/7560226506\/&quot; target=&quot;_blank&quot;&gt;View on Flickr&lt;\/a&gt;'\/><\/a><\/div><div class='afg-cell' style='width:16%;'><a    href='https:\/\/farm8.staticflickr.com\/7247\/7560222482_ea48f43c97_b.jpg' title='Teen Wolf - Panel'><img class='afg-img' title='Teen Wolf - Panel' src='https:\/\/farm8.static.flickr.com\/7247\/7560222482_ea48f43c97_s.jpg' alt='Teen Wolf - Panel \u2022 &lt;a style=&quot;font-size:0.8em;&quot; href=&quot;http:\/\/www.flickr.com\/photos\/62862532@N00\/7560222482\/&quot; target=&quot;_blank&quot;&gt;View on Flickr&lt;\/a&gt;'\/><\/a><\/div><div class='afg-cell' style='width:16%;'><a    href='https:\/\/farm8.staticflickr.com\/7254\/7560218376_45998a4bb1_b.jpg' title='Teen Wolf - Panel'><img class='afg-img' title='Teen Wolf - Panel' src='https:\/\/farm8.static.flickr.com\/7254\/7560218376_45998a4bb1_s.jpg' alt='Teen Wolf - Panel \u2022 &lt;a style=&quot;font-size:0.8em;&quot; href=&quot;http:\/\/www.flickr.com\/photos\/62862532@N00\/7560218376\/&quot; target=&quot;_blank&quot;&gt;View on Flickr&lt;\/a&gt;'\/><\/a><\/div><\/div><div class='afg-row'><div class='afg-cell' style='width:16%;'><a    href='https:\/\/farm8.staticflickr.com\/7118\/7560214216_2b4ee5b0dd_b.jpg' title='Teen Wolf - Panel'><img class='afg-img' title='Teen Wolf - Panel' src='https:\/\/farm8.static.flickr.com\/7118\/7560214216_2b4ee5b0dd_s.jpg' alt='Teen Wolf - Panel \u2022 &lt;a style=&quot;font-size:0.8em;&quot; href=&quot;http:\/\/www.flickr.com\/photos\/62862532@N00\/7560214216\/&quot; target=&quot;_blank&quot;&gt;View on Flickr&lt;\/a&gt;'\/><\/a><\/div><div class='afg-cell' style='width:16%;'><a    href='https:\/\/farm9.staticflickr.com\/8141\/7560210196_51af3edc50_b.jpg' title='Teen Wolf - Panel'><img class='afg-img' title='Teen Wolf - Panel' src='https:\/\/farm9.static.flickr.com\/8141\/7560210196_51af3edc50_s.jpg' alt='Teen Wolf - Panel \u2022 &lt;a style=&quot;font-size:0.8em;&quot; href=&quot;http:\/\/www.flickr.com\/photos\/62862532@N00\/7560210196\/&quot; target=&quot;_blank&quot;&gt;View on Flickr&lt;\/a&gt;'\/><\/a><\/div><div class='afg-cell' style='width:16%;'><a    href='https:\/\/farm9.staticflickr.com\/8290\/7560206376_9c1168f6ed_b.jpg' title='Teen Wolf - Panel'><img class='afg-img' title='Teen Wolf - Panel' src='https:\/\/farm9.static.flickr.com\/8290\/7560206376_9c1168f6ed_s.jpg' alt='Teen Wolf - Panel \u2022 &lt;a style=&quot;font-size:0.8em;&quot; href=&quot;http:\/\/www.flickr.com\/photos\/62862532@N00\/7560206376\/&quot; target=&quot;_blank&quot;&gt;View on Flickr&lt;\/a&gt;'\/><\/a><\/div><div class='afg-cell' style='width:16%;'><a    href='https:\/\/farm9.staticflickr.com\/8288\/7560202750_ff8910e7e5_b.jpg' title='Teen Wolf - Panel'><img class='afg-img' title='Teen Wolf - Panel' src='https:\/\/farm9.static.flickr.com\/8288\/7560202750_ff8910e7e5_s.jpg' alt='Teen Wolf - Panel \u2022 &lt;a style=&quot;font-size:0.8em;&quot; href=&quot;http:\/\/www.flickr.com\/photos\/62862532@N00\/7560202750\/&quot; target=&quot;_blank&quot;&gt;View on Flickr&lt;\/a&gt;'\/><\/a><\/div><div class='afg-cell' style='width:16%;'><a    href='https:\/\/farm8.staticflickr.com\/7121\/7560198776_7240fa9438_b.jpg' title='Teen Wolf - Panel'><img class='afg-img' title='Teen Wolf - Panel' src='https:\/\/farm8.static.flickr.com\/7121\/7560198776_7240fa9438_s.jpg' alt='Teen Wolf - Panel \u2022 &lt;a style=&quot;font-size:0.8em;&quot; href=&quot;http:\/\/www.flickr.com\/photos\/62862532@N00\/7560198776\/&quot; target=&quot;_blank&quot;&gt;View on Flickr&lt;\/a&gt;'\/><\/a><\/div><div class='afg-cell' style='width:16%;'><a    href='https:\/\/farm8.staticflickr.com\/7129\/7560195166_1cf37b6478_b.jpg' title='Teen Wolf - Panel'><img class='afg-img' title='Teen Wolf - Panel' src='https:\/\/farm8.static.flickr.com\/7129\/7560195166_1cf37b6478_s.jpg' alt='Teen Wolf - Panel \u2022 &lt;a style=&quot;font-size:0.8em;&quot; href=&quot;http:\/\/www.flickr.com\/photos\/62862532@N00\/7560195166\/&quot; target=&quot;_blank&quot;&gt;View on Flickr&lt;\/a&gt;'\/><\/a><\/div><\/div><div class='afg-row'><div class='afg-cell' style='width:16%;'><a    href='https:\/\/farm9.staticflickr.com\/8155\/7560186388_a2a8e610ac_b.jpg' title='Teen Wolf - Panel'><img class='afg-img' title='Teen Wolf - Panel' src='https:\/\/farm9.static.flickr.com\/8155\/7560186388_a2a8e610ac_s.jpg' alt='Teen Wolf - Panel \u2022 &lt;a style=&quot;font-size:0.8em;&quot; href=&quot;http:\/\/www.flickr.com\/photos\/62862532@N00\/7560186388\/&quot; target=&quot;_blank&quot;&gt;View on Flickr&lt;\/a&gt;'\/><\/a><\/div><div class='afg-cell' style='width:16%;'><a    href='https:\/\/farm9.staticflickr.com\/8284\/7560182334_2de4fd569b_b.jpg' title='Teen Wolf - Panel'><img class='afg-img' title='Teen Wolf - Panel' src='https:\/\/farm9.static.flickr.com\/8284\/7560182334_2de4fd569b_s.jpg' alt='Teen Wolf - Panel \u2022 &lt;a style=&quot;font-size:0.8em;&quot; href=&quot;http:\/\/www.flickr.com\/photos\/62862532@N00\/7560182334\/&quot; target=&quot;_blank&quot;&gt;View on Flickr&lt;\/a&gt;'\/><\/a><\/div><div class='afg-cell' style='width:16%;'><a    href='https:\/\/farm8.staticflickr.com\/7113\/7560178440_48c2cc22b5_b.jpg' title='Teen Wolf - Panel'><img class='afg-img' title='Teen Wolf - Panel' src='https:\/\/farm8.static.flickr.com\/7113\/7560178440_48c2cc22b5_s.jpg' alt='Teen Wolf - Panel \u2022 &lt;a style=&quot;font-size:0.8em;&quot; href=&quot;http:\/\/www.flickr.com\/photos\/62862532@N00\/7560178440\/&quot; target=&quot;_blank&quot;&gt;View on Flickr&lt;\/a&gt;'\/><\/a><\/div><div class='afg-cell' style='width:16%;'><a    href='https:\/\/farm8.staticflickr.com\/7119\/7560173976_4045c2a1fb_b.jpg' title='Teen Wolf - Panel'><img class='afg-img' title='Teen Wolf - Panel' src='https:\/\/farm8.static.flickr.com\/7119\/7560173976_4045c2a1fb_s.jpg' alt='Teen Wolf - Panel \u2022 &lt;a style=&quot;font-size:0.8em;&quot; href=&quot;http:\/\/www.flickr.com\/photos\/62862532@N00\/7560173976\/&quot; target=&quot;_blank&quot;&gt;View on Flickr&lt;\/a&gt;'\/><\/a><\/div><div class='afg-cell' style='width:16%;'><a    href='https:\/\/farm8.staticflickr.com\/7106\/7560169818_b095ecdb4b_b.jpg' title='Teen Wolf - Panel'><img class='afg-img' title='Teen Wolf - Panel' src='https:\/\/farm8.static.flickr.com\/7106\/7560169818_b095ecdb4b_s.jpg' alt='Teen Wolf - Panel \u2022 &lt;a style=&quot;font-size:0.8em;&quot; href=&quot;http:\/\/www.flickr.com\/photos\/62862532@N00\/7560169818\/&quot; target=&quot;_blank&quot;&gt;View on Flickr&lt;\/a&gt;'\/><\/a><\/div><div class='afg-cell' style='width:16%;'><a    href='https:\/\/farm8.staticflickr.com\/7261\/7560166122_731e2d29d1_b.jpg' title='Teen Wolf - Panel'><img class='afg-img' title='Teen Wolf - Panel' src='https:\/\/farm8.static.flickr.com\/7261\/7560166122_731e2d29d1_s.jpg' alt='Teen Wolf - Panel \u2022 &lt;a style=&quot;font-size:0.8em;&quot; href=&quot;http:\/\/www.flickr.com\/photos\/62862532@N00\/7560166122\/&quot; target=&quot;_blank&quot;&gt;View on Flickr&lt;\/a&gt;'\/><\/a><\/div><\/div><div class='afg-row'><div class='afg-cell' style='width:16%;'><a    href='https:\/\/farm9.staticflickr.com\/8162\/7560162644_b959867675_b.jpg' title='Teen Wolf - Panel'><img class='afg-img' title='Teen Wolf - Panel' src='https:\/\/farm9.static.flickr.com\/8162\/7560162644_b959867675_s.jpg' alt='Teen Wolf - Panel \u2022 &lt;a style=&quot;font-size:0.8em;&quot; href=&quot;http:\/\/www.flickr.com\/photos\/62862532@N00\/7560162644\/&quot; target=&quot;_blank&quot;&gt;View on Flickr&lt;\/a&gt;'\/><\/a><\/div><div class='afg-cell' style='width:16%;'><a    href='https:\/\/farm9.staticflickr.com\/8149\/7560158846_390aefb67e_b.jpg' title='Teen Wolf - Panel'><img class='afg-img' title='Teen Wolf - Panel' src='https:\/\/farm9.static.flickr.com\/8149\/7560158846_390aefb67e_s.jpg' alt='Teen Wolf - Panel \u2022 &lt;a style=&quot;font-size:0.8em;&quot; href=&quot;http:\/\/www.flickr.com\/photos\/62862532@N00\/7560158846\/&quot; target=&quot;_blank&quot;&gt;View on Flickr&lt;\/a&gt;'\/><\/a><\/div><div class='afg-cell' style='width:16%;'><a    href='https:\/\/farm8.staticflickr.com\/7119\/7560154876_9791e54ba6_b.jpg' title='Teen Wolf - Panel'><img class='afg-img' title='Teen Wolf - Panel' src='https:\/\/farm8.static.flickr.com\/7119\/7560154876_9791e54ba6_s.jpg' alt='Teen Wolf - Panel \u2022 &lt;a style=&quot;font-size:0.8em;&quot; href=&quot;http:\/\/www.flickr.com\/photos\/62862532@N00\/7560154876\/&quot; target=&quot;_blank&quot;&gt;View on Flickr&lt;\/a&gt;'\/><\/a><\/div><div class='afg-cell' style='width:16%;'><a    href='https:\/\/farm9.staticflickr.com\/8142\/7560150796_2328d87ecd_b.jpg' title='Teen Wolf - Panel'><img class='afg-img' title='Teen Wolf - Panel' src='https:\/\/farm9.static.flickr.com\/8142\/7560150796_2328d87ecd_s.jpg' alt='Teen Wolf - Panel \u2022 &lt;a style=&quot;font-size:0.8em;&quot; href=&quot;http:\/\/www.flickr.com\/photos\/62862532@N00\/7560150796\/&quot; target=&quot;_blank&quot;&gt;View on Flickr&lt;\/a&gt;'\/><\/a><\/div><div class='afg-cell' style='width:16%;'><a    href='https:\/\/farm8.staticflickr.com\/7117\/7560146326_959f8f3ff9_b.jpg' title='Teen Wolf - Panel'><img class='afg-img' title='Teen Wolf - Panel' src='https:\/\/farm8.static.flickr.com\/7117\/7560146326_959f8f3ff9_s.jpg' alt='Teen Wolf - Panel \u2022 &lt;a style=&quot;font-size:0.8em;&quot; href=&quot;http:\/\/www.flickr.com\/photos\/62862532@N00\/7560146326\/&quot; target=&quot;_blank&quot;&gt;View on Flickr&lt;\/a&gt;'\/><\/a><\/div><div class='afg-cell' style='width:16%;'><a    href='https:\/\/farm8.staticflickr.com\/7269\/7560142162_0c0b6d6be0_b.jpg' title='Teen Wolf - Panel'><img class='afg-img' title='Teen Wolf - Panel' src='https:\/\/farm8.static.flickr.com\/7269\/7560142162_0c0b6d6be0_s.jpg' alt='Teen Wolf - Panel \u2022 &lt;a style=&quot;font-size:0.8em;&quot; href=&quot;http:\/\/www.flickr.com\/photos\/62862532@N00\/7560142162\/&quot; target=&quot;_blank&quot;&gt;View on Flickr&lt;\/a&gt;'\/><\/a><\/div><\/div><div class='afg-row'><a style='display:none'    href='https:\/\/farm8.staticflickr.com\/7279\/7560137914_88eea0defc_b.jpg' title='Teen Wolf - Panel'> <img class='afg-img' alt='Teen Wolf - Panel \u2022 &lt;a style=&quot;font-size:0.8em;&quot; href=&quot;http:\/\/www.flickr.com\/photos\/62862532@N00\/7560137914\/&quot; target=&quot;_blank&quot;&gt;View on Flickr&lt;\/a&gt;'  width='75' height='75'><\/a> <\/div><\/div><div class='afg-pagination'><br \/><br \/><font class='afg-page'>&nbsp;&#171; prev&nbsp;<\/font>&nbsp;&nbsp;&nbsp;&nbsp;<font class='afg-cur-page'> 1 <\/font>&nbsp;<a class='afg-page' href='https:\/\/titi.me\/comic-con\/wp-json\/wp\/v2\/pages\/160?afg3_page_id=2#afg-3' title='Page 2'>&nbsp;2 <\/a>&nbsp;&nbsp;&nbsp;&nbsp;<a class='afg-page' href='https:\/\/titi.me\/comic-con\/wp-json\/wp\/v2\/pages\/160?afg3_page_id=2#afg-3' title='Next Page'> next &#187; <\/a>&nbsp;<br \/>(25 Photos)<\/div><\/div><!-- Awesome Flickr Gallery End -->\n<p><iframe loading=\"lazy\" width=\"853\" height=\"480\" src=\"https:\/\/www.youtube.com\/embed\/SyWTTyu6RW0?rel=0\" frameborder=\"0\" allowfullscreen><\/iframe><\/p>\n","protected":false},"excerpt":{"rendered":"<p>Les photos et la vid\u00e9o du Panel de Teen Wolf. S\u00e9rie diffus\u00e9e sur MTV.<\/p>\n","protected":false},"author":1,"featured_media":162,"parent":0,"menu_order":0,"comment_status":"open","ping_status":"closed","template":"page_wide.php","meta":{"footnotes":""},"class_list":["post-160","page","type-page","status-publish","has-post-thumbnail","hentry"],"aioseo_notices":[],"_links":{"self":[{"href":"https:\/\/titi.me\/comic-con\/wp-json\/wp\/v2\/pages\/160","targetHints":{"allow":["GET"]}}],"collection":[{"href":"https:\/\/titi.me\/comic-con\/wp-json\/wp\/v2\/pages"}],"about":[{"href":"https:\/\/titi.me\/comic-con\/wp-json\/wp\/v2\/types\/page"}],"author":[{"embeddable":true,"href":"https:\/\/titi.me\/comic-con\/wp-json\/wp\/v2\/users\/1"}],"replies":[{"embeddable":true,"href":"https:\/\/titi.me\/comic-con\/wp-json\/wp\/v2\/comments?post=160"}],"version-history":[{"count":7,"href":"https:\/\/titi.me\/comic-con\/wp-json\/wp\/v2\/pages\/160\/revisions"}],"predecessor-version":[{"id":247,"href":"https:\/\/titi.me\/comic-con\/wp-json\/wp\/v2\/pages\/160\/revisions\/247"}],"wp:featuredmedia":[{"embeddable":true,"href":"https:\/\/titi.me\/comic-con\/wp-json\/wp\/v2\/media\/162"}],"wp:attachment":[{"href":"https:\/\/titi.me\/comic-con\/wp-json\/wp\/v2\/media?parent=160"}],"curies":[{"name":"wp","href":"https:\/\/api.w.org\/{rel}","templated":true}]}}