{"id":164,"date":"2012-07-13T11:33:20","date_gmt":"2012-07-13T18:33:20","guid":{"rendered":"https:\/\/titi.me\/comic-con\/?page_id=164"},"modified":"2012-08-01T07:29:53","modified_gmt":"2012-08-01T14:29:53","slug":"photos-nikita-panel","status":"publish","type":"page","link":"https:\/\/titi.me\/comic-con\/photos-nikita-panel\/","title":{"rendered":"Nikita &#8211; Panel"},"content":{"rendered":"<p>Les photos et la vid\u00e9o du Panel de Nikita. S\u00e9rie diffus\u00e9e sur The CW.<\/p>\n<!-- Awesome Flickr Gallery Start --><!-- - Version - 3.5.6 - User ID - 62862532@N00 - Photoset ID - 72157630559751074 - Gallery ID -  - Group ID -  - Tags -  - Popular -  - Per Page - 24 - Sort Order - flickr - Photo Size - _s - Custom Size - 0 - Square - false - Captions - off - Description - off - Columns - 6 - Credit Note - off - Background Color - Transparent - Width - auto - Pagination - on - Slideshow - disable - Disable slideshow? - 1--><div class='afg-gallery custom-gallery-2' id='afg-2' style='background-color:Transparent; width:100%; color:; border-color:Transparent;'><div class='afg-table' style='width:100%'><div class='afg-row'><div class='afg-cell' style='width:16%;'><a    href='https:\/\/farm8.staticflickr.com\/7249\/7560401982_d48fdd9053_b.jpg' title='Nikita - Panel'><img class='afg-img' title='Nikita - Panel' src='https:\/\/farm8.static.flickr.com\/7249\/7560401982_d48fdd9053_s.jpg' alt='Nikita - Panel \u2022 &lt;a style=&quot;font-size:0.8em;&quot; href=&quot;http:\/\/www.flickr.com\/photos\/62862532@N00\/7560401982\/&quot; target=&quot;_blank&quot;&gt;View on Flickr&lt;\/a&gt;'\/><\/a><\/div><div class='afg-cell' style='width:16%;'><a    href='https:\/\/farm9.staticflickr.com\/8147\/7560403752_63b33d74e0_b.jpg' title='Nikita - Panel'><img class='afg-img' title='Nikita - Panel' src='https:\/\/farm9.static.flickr.com\/8147\/7560403752_63b33d74e0_s.jpg' alt='Nikita - Panel \u2022 &lt;a style=&quot;font-size:0.8em;&quot; href=&quot;http:\/\/www.flickr.com\/photos\/62862532@N00\/7560403752\/&quot; target=&quot;_blank&quot;&gt;View on Flickr&lt;\/a&gt;'\/><\/a><\/div><div class='afg-cell' style='width:16%;'><a    href='https:\/\/farm8.staticflickr.com\/7108\/7560405554_497e9454d3_b.jpg' title='Nikita - Panel'><img class='afg-img' title='Nikita - Panel' src='https:\/\/farm8.static.flickr.com\/7108\/7560405554_497e9454d3_s.jpg' alt='Nikita - Panel \u2022 &lt;a style=&quot;font-size:0.8em;&quot; href=&quot;http:\/\/www.flickr.com\/photos\/62862532@N00\/7560405554\/&quot; target=&quot;_blank&quot;&gt;View on Flickr&lt;\/a&gt;'\/><\/a><\/div><div class='afg-cell' style='width:16%;'><a    href='https:\/\/farm9.staticflickr.com\/8159\/7560407458_76e0769ffa_b.jpg' title='Nikita - Panel'><img class='afg-img' title='Nikita - Panel' src='https:\/\/farm9.static.flickr.com\/8159\/7560407458_76e0769ffa_s.jpg' alt='Nikita - Panel \u2022 &lt;a style=&quot;font-size:0.8em;&quot; href=&quot;http:\/\/www.flickr.com\/photos\/62862532@N00\/7560407458\/&quot; target=&quot;_blank&quot;&gt;View on Flickr&lt;\/a&gt;'\/><\/a><\/div><div class='afg-cell' style='width:16%;'><a    href='https:\/\/farm9.staticflickr.com\/8025\/7560409302_f45745355e_b.jpg' title='Nikita - Panel'><img class='afg-img' title='Nikita - Panel' src='https:\/\/farm9.static.flickr.com\/8025\/7560409302_f45745355e_s.jpg' alt='Nikita - Panel \u2022 &lt;a style=&quot;font-size:0.8em;&quot; href=&quot;http:\/\/www.flickr.com\/photos\/62862532@N00\/7560409302\/&quot; target=&quot;_blank&quot;&gt;View on Flickr&lt;\/a&gt;'\/><\/a><\/div><div class='afg-cell' style='width:16%;'><a    href='https:\/\/farm9.staticflickr.com\/8021\/7560410974_7bf49cdfcb_b.jpg' title='Nikita - Panel'><img class='afg-img' title='Nikita - Panel' src='https:\/\/farm9.static.flickr.com\/8021\/7560410974_7bf49cdfcb_s.jpg' alt='Nikita - Panel \u2022 &lt;a style=&quot;font-size:0.8em;&quot; href=&quot;http:\/\/www.flickr.com\/photos\/62862532@N00\/7560410974\/&quot; target=&quot;_blank&quot;&gt;View on Flickr&lt;\/a&gt;'\/><\/a><\/div><\/div><div class='afg-row'><div class='afg-cell' style='width:16%;'><a    href='https:\/\/farm8.staticflickr.com\/7124\/7560412692_4dc656e42f_b.jpg' title='Nikita - Panel'><img class='afg-img' title='Nikita - Panel' src='https:\/\/farm8.static.flickr.com\/7124\/7560412692_4dc656e42f_s.jpg' alt='Nikita - Panel \u2022 &lt;a style=&quot;font-size:0.8em;&quot; href=&quot;http:\/\/www.flickr.com\/photos\/62862532@N00\/7560412692\/&quot; target=&quot;_blank&quot;&gt;View on Flickr&lt;\/a&gt;'\/><\/a><\/div><div class='afg-cell' style='width:16%;'><a    href='https:\/\/farm9.staticflickr.com\/8423\/7560414326_8a99b22bf8_b.jpg' title='Nikita - Panel'><img class='afg-img' title='Nikita - Panel' src='https:\/\/farm9.static.flickr.com\/8423\/7560414326_8a99b22bf8_s.jpg' alt='Nikita - Panel \u2022 &lt;a style=&quot;font-size:0.8em;&quot; href=&quot;http:\/\/www.flickr.com\/photos\/62862532@N00\/7560414326\/&quot; target=&quot;_blank&quot;&gt;View on Flickr&lt;\/a&gt;'\/><\/a><\/div><div class='afg-cell' style='width:16%;'><a    href='https:\/\/farm8.staticflickr.com\/7266\/7560416190_e2108c0d58_b.jpg' title='Nikita - Panel'><img class='afg-img' title='Nikita - Panel' src='https:\/\/farm8.static.flickr.com\/7266\/7560416190_e2108c0d58_s.jpg' alt='Nikita - Panel \u2022 &lt;a style=&quot;font-size:0.8em;&quot; href=&quot;http:\/\/www.flickr.com\/photos\/62862532@N00\/7560416190\/&quot; target=&quot;_blank&quot;&gt;View on Flickr&lt;\/a&gt;'\/><\/a><\/div><div class='afg-cell' style='width:16%;'><a    href='https:\/\/farm8.staticflickr.com\/7115\/7560418222_532d1a3b18_b.jpg' title='Nikita - Panel'><img class='afg-img' title='Nikita - Panel' src='https:\/\/farm8.static.flickr.com\/7115\/7560418222_532d1a3b18_s.jpg' alt='Nikita - Panel \u2022 &lt;a style=&quot;font-size:0.8em;&quot; href=&quot;http:\/\/www.flickr.com\/photos\/62862532@N00\/7560418222\/&quot; target=&quot;_blank&quot;&gt;View on Flickr&lt;\/a&gt;'\/><\/a><\/div><div class='afg-cell' style='width:16%;'><a    href='https:\/\/farm9.staticflickr.com\/8427\/7560420038_7798a5c35e_b.jpg' title='Nikita - Panel'><img class='afg-img' title='Nikita - Panel' src='https:\/\/farm9.static.flickr.com\/8427\/7560420038_7798a5c35e_s.jpg' alt='Nikita - Panel \u2022 &lt;a style=&quot;font-size:0.8em;&quot; href=&quot;http:\/\/www.flickr.com\/photos\/62862532@N00\/7560420038\/&quot; target=&quot;_blank&quot;&gt;View on Flickr&lt;\/a&gt;'\/><\/a><\/div><div class='afg-cell' style='width:16%;'><a    href='https:\/\/farm8.staticflickr.com\/7119\/7560421674_6b5a3ba386_b.jpg' title='Nikita - Panel'><img class='afg-img' title='Nikita - Panel' src='https:\/\/farm8.static.flickr.com\/7119\/7560421674_6b5a3ba386_s.jpg' alt='Nikita - Panel \u2022 &lt;a style=&quot;font-size:0.8em;&quot; href=&quot;http:\/\/www.flickr.com\/photos\/62862532@N00\/7560421674\/&quot; target=&quot;_blank&quot;&gt;View on Flickr&lt;\/a&gt;'\/><\/a><\/div><\/div><div class='afg-row'><div class='afg-cell' style='width:16%;'><a    href='https:\/\/farm8.staticflickr.com\/7132\/7560423314_c2d4e654a8_b.jpg' title='Nikita - Panel'><img class='afg-img' title='Nikita - Panel' src='https:\/\/farm8.static.flickr.com\/7132\/7560423314_c2d4e654a8_s.jpg' alt='Nikita - Panel \u2022 &lt;a style=&quot;font-size:0.8em;&quot; href=&quot;http:\/\/www.flickr.com\/photos\/62862532@N00\/7560423314\/&quot; target=&quot;_blank&quot;&gt;View on Flickr&lt;\/a&gt;'\/><\/a><\/div><div class='afg-cell' style='width:16%;'><a    href='https:\/\/farm8.staticflickr.com\/7132\/7560425076_359108a07a_b.jpg' title='Nikita - Panel'><img class='afg-img' title='Nikita - Panel' src='https:\/\/farm8.static.flickr.com\/7132\/7560425076_359108a07a_s.jpg' alt='Nikita - Panel \u2022 &lt;a style=&quot;font-size:0.8em;&quot; href=&quot;http:\/\/www.flickr.com\/photos\/62862532@N00\/7560425076\/&quot; target=&quot;_blank&quot;&gt;View on Flickr&lt;\/a&gt;'\/><\/a><\/div><div class='afg-cell' style='width:16%;'><a    href='https:\/\/farm9.staticflickr.com\/8421\/7560426834_3f11f38298_b.jpg' title='Nikita - Panel'><img class='afg-img' title='Nikita - Panel' src='https:\/\/farm9.static.flickr.com\/8421\/7560426834_3f11f38298_s.jpg' alt='Nikita - Panel \u2022 &lt;a style=&quot;font-size:0.8em;&quot; href=&quot;http:\/\/www.flickr.com\/photos\/62862532@N00\/7560426834\/&quot; target=&quot;_blank&quot;&gt;View on Flickr&lt;\/a&gt;'\/><\/a><\/div><div class='afg-cell' style='width:16%;'><a    href='https:\/\/farm8.staticflickr.com\/7264\/7560428634_092faa6644_b.jpg' title='Nikita - Panel'><img class='afg-img' title='Nikita - Panel' src='https:\/\/farm8.static.flickr.com\/7264\/7560428634_092faa6644_s.jpg' alt='Nikita - Panel \u2022 &lt;a style=&quot;font-size:0.8em;&quot; href=&quot;http:\/\/www.flickr.com\/photos\/62862532@N00\/7560428634\/&quot; target=&quot;_blank&quot;&gt;View on Flickr&lt;\/a&gt;'\/><\/a><\/div><div class='afg-cell' style='width:16%;'><a    href='https:\/\/farm9.staticflickr.com\/8164\/7560430570_d367b7b293_b.jpg' title='Nikita - Panel'><img class='afg-img' title='Nikita - Panel' src='https:\/\/farm9.static.flickr.com\/8164\/7560430570_d367b7b293_s.jpg' alt='Nikita - Panel \u2022 &lt;a style=&quot;font-size:0.8em;&quot; href=&quot;http:\/\/www.flickr.com\/photos\/62862532@N00\/7560430570\/&quot; target=&quot;_blank&quot;&gt;View on Flickr&lt;\/a&gt;'\/><\/a><\/div><div class='afg-cell' style='width:16%;'><a    href='https:\/\/farm8.staticflickr.com\/7140\/7560432312_d27e8e8564_b.jpg' title='Nikita - Panel'><img class='afg-img' title='Nikita - Panel' src='https:\/\/farm8.static.flickr.com\/7140\/7560432312_d27e8e8564_s.jpg' alt='Nikita - Panel \u2022 &lt;a style=&quot;font-size:0.8em;&quot; href=&quot;http:\/\/www.flickr.com\/photos\/62862532@N00\/7560432312\/&quot; target=&quot;_blank&quot;&gt;View on Flickr&lt;\/a&gt;'\/><\/a><\/div><\/div><div class='afg-row'><div class='afg-cell' style='width:16%;'><a    href='https:\/\/farm9.staticflickr.com\/8149\/7560434068_15c7042ae6_b.jpg' title='Nikita - Panel'><img class='afg-img' title='Nikita - Panel' src='https:\/\/farm9.static.flickr.com\/8149\/7560434068_15c7042ae6_s.jpg' alt='Nikita - Panel \u2022 &lt;a style=&quot;font-size:0.8em;&quot; href=&quot;http:\/\/www.flickr.com\/photos\/62862532@N00\/7560434068\/&quot; target=&quot;_blank&quot;&gt;View on Flickr&lt;\/a&gt;'\/><\/a><\/div><div class='afg-cell' style='width:16%;'><a    href='https:\/\/farm9.staticflickr.com\/8007\/7560435848_7b4e021968_b.jpg' title='Nikita - Panel'><img class='afg-img' title='Nikita - Panel' src='https:\/\/farm9.static.flickr.com\/8007\/7560435848_7b4e021968_s.jpg' alt='Nikita - Panel \u2022 &lt;a style=&quot;font-size:0.8em;&quot; href=&quot;http:\/\/www.flickr.com\/photos\/62862532@N00\/7560435848\/&quot; target=&quot;_blank&quot;&gt;View on Flickr&lt;\/a&gt;'\/><\/a><\/div><div class='afg-cell' style='width:16%;'><a    href='https:\/\/farm8.staticflickr.com\/7111\/7560437740_733e40715d_b.jpg' title='Nikita - Panel'><img class='afg-img' title='Nikita - Panel' src='https:\/\/farm8.static.flickr.com\/7111\/7560437740_733e40715d_s.jpg' alt='Nikita - Panel \u2022 &lt;a style=&quot;font-size:0.8em;&quot; href=&quot;http:\/\/www.flickr.com\/photos\/62862532@N00\/7560437740\/&quot; target=&quot;_blank&quot;&gt;View on Flickr&lt;\/a&gt;'\/><\/a><\/div><div class='afg-cell' style='width:16%;'><a    href='https:\/\/farm9.staticflickr.com\/8027\/7560439492_f935fc4e72_b.jpg' title='Nikita - Panel'><img class='afg-img' title='Nikita - Panel' src='https:\/\/farm9.static.flickr.com\/8027\/7560439492_f935fc4e72_s.jpg' alt='Nikita - Panel \u2022 &lt;a style=&quot;font-size:0.8em;&quot; href=&quot;http:\/\/www.flickr.com\/photos\/62862532@N00\/7560439492\/&quot; target=&quot;_blank&quot;&gt;View on Flickr&lt;\/a&gt;'\/><\/a><\/div><div class='afg-cell' style='width:16%;'><a    href='https:\/\/farm9.staticflickr.com\/8163\/7560441502_1306463dbe_b.jpg' title='Nikita - Panel'><img class='afg-img' title='Nikita - Panel' src='https:\/\/farm9.static.flickr.com\/8163\/7560441502_1306463dbe_s.jpg' alt='Nikita - Panel \u2022 &lt;a style=&quot;font-size:0.8em;&quot; href=&quot;http:\/\/www.flickr.com\/photos\/62862532@N00\/7560441502\/&quot; target=&quot;_blank&quot;&gt;View on Flickr&lt;\/a&gt;'\/><\/a><\/div><div class='afg-cell' style='width:16%;'><a    href='https:\/\/farm8.staticflickr.com\/7125\/7560443410_ab783913db_b.jpg' title='Nikita - Panel'><img class='afg-img' title='Nikita - Panel' src='https:\/\/farm8.static.flickr.com\/7125\/7560443410_ab783913db_s.jpg' alt='Nikita - Panel \u2022 &lt;a style=&quot;font-size:0.8em;&quot; href=&quot;http:\/\/www.flickr.com\/photos\/62862532@N00\/7560443410\/&quot; target=&quot;_blank&quot;&gt;View on Flickr&lt;\/a&gt;'\/><\/a><\/div><\/div><div class='afg-row'><a style='display:none'    href='https:\/\/farm8.staticflickr.com\/7262\/7560445368_f500fb58ae_b.jpg' title='Nikita - Panel'> <img class='afg-img' alt='Nikita - Panel \u2022 &lt;a style=&quot;font-size:0.8em;&quot; href=&quot;http:\/\/www.flickr.com\/photos\/62862532@N00\/7560445368\/&quot; target=&quot;_blank&quot;&gt;View on Flickr&lt;\/a&gt;'  width='75' height='75'><\/a> <\/div><div class='afg-row'><a style='display:none'    href='https:\/\/farm9.staticflickr.com\/8154\/7560447466_4e20673003_b.jpg' title='Nikita - Panel'> <img class='afg-img' alt='Nikita - Panel \u2022 &lt;a style=&quot;font-size:0.8em;&quot; href=&quot;http:\/\/www.flickr.com\/photos\/62862532@N00\/7560447466\/&quot; target=&quot;_blank&quot;&gt;View on Flickr&lt;\/a&gt;'  width='75' height='75'><\/a> <\/div><div class='afg-row'><a style='display:none'    href='https:\/\/farm8.staticflickr.com\/7110\/7560449442_a87b5383ee_b.jpg' title='Nikita - Panel'> <img class='afg-img' alt='Nikita - Panel \u2022 &lt;a style=&quot;font-size:0.8em;&quot; href=&quot;http:\/\/www.flickr.com\/photos\/62862532@N00\/7560449442\/&quot; target=&quot;_blank&quot;&gt;View on Flickr&lt;\/a&gt;'  width='75' height='75'><\/a> <\/div><div class='afg-row'><a style='display:none'    href='https:\/\/farm9.staticflickr.com\/8433\/7560451622_fd4839e231_b.jpg' title='Nikita - Panel'> <img class='afg-img' alt='Nikita - Panel \u2022 &lt;a style=&quot;font-size:0.8em;&quot; href=&quot;http:\/\/www.flickr.com\/photos\/62862532@N00\/7560451622\/&quot; target=&quot;_blank&quot;&gt;View on Flickr&lt;\/a&gt;'  width='75' height='75'><\/a> <\/div><div class='afg-row'><a style='display:none'    href='https:\/\/farm9.staticflickr.com\/8153\/7560453992_577e920f49_b.jpg' title='Nikita - Panel'> <img class='afg-img' alt='Nikita - Panel \u2022 &lt;a style=&quot;font-size:0.8em;&quot; href=&quot;http:\/\/www.flickr.com\/photos\/62862532@N00\/7560453992\/&quot; target=&quot;_blank&quot;&gt;View on Flickr&lt;\/a&gt;'  width='75' height='75'><\/a> <\/div><div class='afg-row'><a style='display:none'    href='https:\/\/farm8.staticflickr.com\/7278\/7560455958_03c70f86f5_b.jpg' title='Nikita - Panel'> <img class='afg-img' alt='Nikita - Panel \u2022 &lt;a style=&quot;font-size:0.8em;&quot; href=&quot;http:\/\/www.flickr.com\/photos\/62862532@N00\/7560455958\/&quot; target=&quot;_blank&quot;&gt;View on Flickr&lt;\/a&gt;'  width='75' height='75'><\/a> <\/div><div class='afg-row'><a style='display:none'    href='https:\/\/farm9.staticflickr.com\/8015\/7560457746_7f6bf820a4_b.jpg' title='Nikita - Panel'> <img class='afg-img' alt='Nikita - Panel \u2022 &lt;a style=&quot;font-size:0.8em;&quot; href=&quot;http:\/\/www.flickr.com\/photos\/62862532@N00\/7560457746\/&quot; target=&quot;_blank&quot;&gt;View on Flickr&lt;\/a&gt;'  width='75' height='75'><\/a> <\/div><div class='afg-row'><a style='display:none'    href='https:\/\/farm8.staticflickr.com\/7126\/7560459632_588507080b_b.jpg' title='Nikita - Panel'> <img class='afg-img' alt='Nikita - Panel \u2022 &lt;a style=&quot;font-size:0.8em;&quot; href=&quot;http:\/\/www.flickr.com\/photos\/62862532@N00\/7560459632\/&quot; target=&quot;_blank&quot;&gt;View on Flickr&lt;\/a&gt;'  width='75' height='75'><\/a> <\/div><div class='afg-row'><a style='display:none'    href='https:\/\/farm8.staticflickr.com\/7109\/7560461666_cac7eae868_b.jpg' title='Nikita - Panel'> <img class='afg-img' alt='Nikita - Panel \u2022 &lt;a style=&quot;font-size:0.8em;&quot; href=&quot;http:\/\/www.flickr.com\/photos\/62862532@N00\/7560461666\/&quot; target=&quot;_blank&quot;&gt;View on Flickr&lt;\/a&gt;'  width='75' height='75'><\/a> <\/div><div class='afg-row'><a style='display:none'    href='https:\/\/farm9.staticflickr.com\/8286\/7560464488_8ac87c5d94_b.jpg' title='Nikita - Panel'> <img class='afg-img' alt='Nikita - Panel \u2022 &lt;a style=&quot;font-size:0.8em;&quot; href=&quot;http:\/\/www.flickr.com\/photos\/62862532@N00\/7560464488\/&quot; target=&quot;_blank&quot;&gt;View on Flickr&lt;\/a&gt;'  width='75' height='75'><\/a> <\/div><div class='afg-row'><a style='display:none'    href='https:\/\/farm8.staticflickr.com\/7106\/7560466708_35d11ed105_b.jpg' title='Nikita - Panel'> <img class='afg-img' alt='Nikita - Panel \u2022 &lt;a style=&quot;font-size:0.8em;&quot; href=&quot;http:\/\/www.flickr.com\/photos\/62862532@N00\/7560466708\/&quot; target=&quot;_blank&quot;&gt;View on Flickr&lt;\/a&gt;'  width='75' height='75'><\/a> <\/div><div class='afg-row'><a style='display:none'    href='https:\/\/farm8.staticflickr.com\/7115\/7560468626_431a74520b_b.jpg' title='Nikita - Panel'> <img class='afg-img' alt='Nikita - Panel \u2022 &lt;a style=&quot;font-size:0.8em;&quot; href=&quot;http:\/\/www.flickr.com\/photos\/62862532@N00\/7560468626\/&quot; target=&quot;_blank&quot;&gt;View on Flickr&lt;\/a&gt;'  width='75' height='75'><\/a> <\/div><div class='afg-row'><a style='display:none'    href='https:\/\/farm8.staticflickr.com\/7137\/7560470582_3c78b0eb90_b.jpg' title='Nikita - Panel'> <img class='afg-img' alt='Nikita - Panel \u2022 &lt;a style=&quot;font-size:0.8em;&quot; href=&quot;http:\/\/www.flickr.com\/photos\/62862532@N00\/7560470582\/&quot; target=&quot;_blank&quot;&gt;View on Flickr&lt;\/a&gt;'  width='75' height='75'><\/a> <\/div><div class='afg-row'><a style='display:none'    href='https:\/\/farm9.staticflickr.com\/8430\/7560472444_9a2aca1787_b.jpg' title='Nikita - Panel'> <img class='afg-img' alt='Nikita - Panel \u2022 &lt;a style=&quot;font-size:0.8em;&quot; href=&quot;http:\/\/www.flickr.com\/photos\/62862532@N00\/7560472444\/&quot; target=&quot;_blank&quot;&gt;View on Flickr&lt;\/a&gt;'  width='75' height='75'><\/a> <\/div><div class='afg-row'><a style='display:none'    href='https:\/\/farm9.staticflickr.com\/8007\/7560474398_aea28669c2_b.jpg' title='Nikita - Panel'> <img class='afg-img' alt='Nikita - Panel \u2022 &lt;a style=&quot;font-size:0.8em;&quot; href=&quot;http:\/\/www.flickr.com\/photos\/62862532@N00\/7560474398\/&quot; target=&quot;_blank&quot;&gt;View on Flickr&lt;\/a&gt;'  width='75' height='75'><\/a> <\/div><\/div><div class='afg-pagination'><br \/><br \/><font class='afg-page'>&nbsp;&#171; prev&nbsp;<\/font>&nbsp;&nbsp;&nbsp;&nbsp;<font class='afg-cur-page'> 1 <\/font>&nbsp;<a class='afg-page' href='https:\/\/titi.me\/comic-con\/wp-json\/wp\/v2\/pages\/164?afg2_page_id=2#afg-2' title='Page 2'>&nbsp;2 <\/a>&nbsp;&nbsp;&nbsp;&nbsp;<a class='afg-page' href='https:\/\/titi.me\/comic-con\/wp-json\/wp\/v2\/pages\/164?afg2_page_id=2#afg-2' title='Next Page'> next &#187; <\/a>&nbsp;<br \/>(39 Photos)<\/div><\/div><!-- Awesome Flickr Gallery End -->\n<p><iframe loading=\"lazy\" width=\"853\" height=\"480\" src=\"https:\/\/www.youtube.com\/embed\/Me-sG_75c3M?rel=0\" frameborder=\"0\" allowfullscreen><\/iframe><\/p>\n","protected":false},"excerpt":{"rendered":"<p>Les photos et la vid\u00e9o du Panel de Nikita. S\u00e9rie diffus\u00e9e sur The CW.<\/p>\n","protected":false},"author":1,"featured_media":167,"parent":0,"menu_order":0,"comment_status":"open","ping_status":"open","template":"page_wide.php","meta":{"footnotes":""},"class_list":["post-164","page","type-page","status-publish","has-post-thumbnail","hentry"],"aioseo_notices":[],"_links":{"self":[{"href":"https:\/\/titi.me\/comic-con\/wp-json\/wp\/v2\/pages\/164","targetHints":{"allow":["GET"]}}],"collection":[{"href":"https:\/\/titi.me\/comic-con\/wp-json\/wp\/v2\/pages"}],"about":[{"href":"https:\/\/titi.me\/comic-con\/wp-json\/wp\/v2\/types\/page"}],"author":[{"embeddable":true,"href":"https:\/\/titi.me\/comic-con\/wp-json\/wp\/v2\/users\/1"}],"replies":[{"embeddable":true,"href":"https:\/\/titi.me\/comic-con\/wp-json\/wp\/v2\/comments?post=164"}],"version-history":[{"count":10,"href":"https:\/\/titi.me\/comic-con\/wp-json\/wp\/v2\/pages\/164\/revisions"}],"predecessor-version":[{"id":187,"href":"https:\/\/titi.me\/comic-con\/wp-json\/wp\/v2\/pages\/164\/revisions\/187"}],"wp:featuredmedia":[{"embeddable":true,"href":"https:\/\/titi.me\/comic-con\/wp-json\/wp\/v2\/media\/167"}],"wp:attachment":[{"href":"https:\/\/titi.me\/comic-con\/wp-json\/wp\/v2\/media?parent=164"}],"curies":[{"name":"wp","href":"https:\/\/api.w.org\/{rel}","templated":true}]}}