{"id":222,"date":"2012-07-21T07:31:56","date_gmt":"2012-07-21T14:31:56","guid":{"rendered":"https:\/\/titi.me\/comic-con\/?page_id=222"},"modified":"2012-07-22T07:00:04","modified_gmt":"2012-07-22T14:00:04","slug":"photos-the-big-bang-theory-panel","status":"publish","type":"page","link":"https:\/\/titi.me\/comic-con\/photos-the-big-bang-theory-panel\/","title":{"rendered":"The Big Bang Theory &#8211; Panel"},"content":{"rendered":"<p>Les photos et la vid\u00e9o du Panel de The Big Bang Theory. S\u00e9rie diffus\u00e9e sur AMC.<\/p>\n<!-- Awesome Flickr Gallery Start --><!-- - Version - 3.5.6 - User ID - 62862532@N00 - Photoset ID - 72157630680855442 - Gallery ID -  - Group ID -  - Tags -  - Popular -  - Per Page - 24 - Sort Order - flickr - Photo Size - _s - Custom Size - 0 - Square - false - Captions - off - Description - off - Columns - 6 - Credit Note - off - Background Color - Transparent - Width - auto - Pagination - on - Slideshow - disable - Disable slideshow? - 1--><div class='afg-gallery custom-gallery-5' id='afg-5' style='background-color:Transparent; width:100%; color:; border-color:Transparent;'><div class='afg-table' style='width:100%'><div class='afg-row'><div class='afg-cell' style='width:16%;'><a    href='https:\/\/farm9.staticflickr.com\/8151\/7615399970_0223fa5f04_b.jpg' title='The Big Bang Theory - Panel'><img class='afg-img' title='The Big Bang Theory - Panel' src='https:\/\/farm9.static.flickr.com\/8151\/7615399970_0223fa5f04_s.jpg' alt='The Big Bang Theory - Panel \u2022 &lt;a style=&quot;font-size:0.8em;&quot; href=&quot;http:\/\/www.flickr.com\/photos\/62862532@N00\/7615399970\/&quot; target=&quot;_blank&quot;&gt;View on Flickr&lt;\/a&gt;'\/><\/a><\/div><div class='afg-cell' style='width:16%;'><a    href='https:\/\/farm8.staticflickr.com\/7247\/7615410646_77f6359095_b.jpg' title='The Big Bang Theory - Panel'><img class='afg-img' title='The Big Bang Theory - Panel' src='https:\/\/farm8.static.flickr.com\/7247\/7615410646_77f6359095_s.jpg' alt='The Big Bang Theory - Panel \u2022 &lt;a style=&quot;font-size:0.8em;&quot; href=&quot;http:\/\/www.flickr.com\/photos\/62862532@N00\/7615410646\/&quot; target=&quot;_blank&quot;&gt;View on Flickr&lt;\/a&gt;'\/><\/a><\/div><div class='afg-cell' style='width:16%;'><a    href='https:\/\/farm8.staticflickr.com\/7130\/7615424630_f81090b1f0_b.jpg' title='The Big Bang Theory - Panel'><img class='afg-img' title='The Big Bang Theory - Panel' src='https:\/\/farm8.static.flickr.com\/7130\/7615424630_f81090b1f0_s.jpg' alt='The Big Bang Theory - Panel \u2022 &lt;a style=&quot;font-size:0.8em;&quot; href=&quot;http:\/\/www.flickr.com\/photos\/62862532@N00\/7615424630\/&quot; target=&quot;_blank&quot;&gt;View on Flickr&lt;\/a&gt;'\/><\/a><\/div><div class='afg-cell' style='width:16%;'><a    href='https:\/\/farm8.staticflickr.com\/7255\/7615436776_bdf95a60cf_b.jpg' title='The Big Bang Theory - Panel'><img class='afg-img' title='The Big Bang Theory - Panel' src='https:\/\/farm8.static.flickr.com\/7255\/7615436776_bdf95a60cf_s.jpg' alt='The Big Bang Theory - Panel \u2022 &lt;a style=&quot;font-size:0.8em;&quot; href=&quot;http:\/\/www.flickr.com\/photos\/62862532@N00\/7615436776\/&quot; target=&quot;_blank&quot;&gt;View on Flickr&lt;\/a&gt;'\/><\/a><\/div><div class='afg-cell' style='width:16%;'><a    href='https:\/\/farm8.staticflickr.com\/7265\/7615448246_487d32a524_b.jpg' title='The Big Bang Theory - Panel'><img class='afg-img' title='The Big Bang Theory - Panel' src='https:\/\/farm8.static.flickr.com\/7265\/7615448246_487d32a524_s.jpg' alt='The Big Bang Theory - Panel \u2022 &lt;a style=&quot;font-size:0.8em;&quot; href=&quot;http:\/\/www.flickr.com\/photos\/62862532@N00\/7615448246\/&quot; target=&quot;_blank&quot;&gt;View on Flickr&lt;\/a&gt;'\/><\/a><\/div><div class='afg-cell' style='width:16%;'><a    href='https:\/\/farm9.staticflickr.com\/8427\/7615460684_7daa75027f_b.jpg' title='The Big Bang Theory - Panel'><img class='afg-img' title='The Big Bang Theory - Panel' src='https:\/\/farm9.static.flickr.com\/8427\/7615460684_7daa75027f_s.jpg' alt='The Big Bang Theory - Panel \u2022 &lt;a style=&quot;font-size:0.8em;&quot; href=&quot;http:\/\/www.flickr.com\/photos\/62862532@N00\/7615460684\/&quot; target=&quot;_blank&quot;&gt;View on Flickr&lt;\/a&gt;'\/><\/a><\/div><\/div><div class='afg-row'><div class='afg-cell' style='width:16%;'><a    href='https:\/\/farm9.staticflickr.com\/8164\/7615479172_e9fb0257a5_b.jpg' title='The Big Bang Theory - Panel'><img class='afg-img' title='The Big Bang Theory - Panel' src='https:\/\/farm9.static.flickr.com\/8164\/7615479172_e9fb0257a5_s.jpg' alt='The Big Bang Theory - Panel \u2022 &lt;a style=&quot;font-size:0.8em;&quot; href=&quot;http:\/\/www.flickr.com\/photos\/62862532@N00\/7615479172\/&quot; target=&quot;_blank&quot;&gt;View on Flickr&lt;\/a&gt;'\/><\/a><\/div><div class='afg-cell' style='width:16%;'><a    href='https:\/\/farm8.staticflickr.com\/7268\/7615493572_edaaee754c_b.jpg' title='The Big Bang Theory - Panel'><img class='afg-img' title='The Big Bang Theory - Panel' src='https:\/\/farm8.static.flickr.com\/7268\/7615493572_edaaee754c_s.jpg' alt='The Big Bang Theory - Panel \u2022 &lt;a style=&quot;font-size:0.8em;&quot; href=&quot;http:\/\/www.flickr.com\/photos\/62862532@N00\/7615493572\/&quot; target=&quot;_blank&quot;&gt;View on Flickr&lt;\/a&gt;'\/><\/a><\/div><div class='afg-cell' style='width:16%;'><a    href='https:\/\/farm9.staticflickr.com\/8025\/7615512502_e488932a69_b.jpg' title='The Big Bang Theory - Panel'><img class='afg-img' title='The Big Bang Theory - Panel' src='https:\/\/farm9.static.flickr.com\/8025\/7615512502_e488932a69_s.jpg' alt='The Big Bang Theory - Panel \u2022 &lt;a style=&quot;font-size:0.8em;&quot; href=&quot;http:\/\/www.flickr.com\/photos\/62862532@N00\/7615512502\/&quot; target=&quot;_blank&quot;&gt;View on Flickr&lt;\/a&gt;'\/><\/a><\/div><div class='afg-cell' style='width:16%;'><a    href='https:\/\/farm9.staticflickr.com\/8009\/7615524880_4262572906_b.jpg' title='The Big Bang Theory - Panel'><img class='afg-img' title='The Big Bang Theory - Panel' src='https:\/\/farm9.static.flickr.com\/8009\/7615524880_4262572906_s.jpg' alt='The Big Bang Theory - Panel \u2022 &lt;a style=&quot;font-size:0.8em;&quot; href=&quot;http:\/\/www.flickr.com\/photos\/62862532@N00\/7615524880\/&quot; target=&quot;_blank&quot;&gt;View on Flickr&lt;\/a&gt;'\/><\/a><\/div><div class='afg-cell' style='width:16%;'><a    href='https:\/\/farm9.staticflickr.com\/8010\/7615540440_2f5d6e0428_b.jpg' title='The Big Bang Theory - Panel'><img class='afg-img' title='The Big Bang Theory - Panel' src='https:\/\/farm9.static.flickr.com\/8010\/7615540440_2f5d6e0428_s.jpg' alt='The Big Bang Theory - Panel \u2022 &lt;a style=&quot;font-size:0.8em;&quot; href=&quot;http:\/\/www.flickr.com\/photos\/62862532@N00\/7615540440\/&quot; target=&quot;_blank&quot;&gt;View on Flickr&lt;\/a&gt;'\/><\/a><\/div><div class='afg-cell' style='width:16%;'><a    href='https:\/\/farm9.staticflickr.com\/8423\/7615556556_5389da6928_b.jpg' title='The Big Bang Theory - Panel'><img class='afg-img' title='The Big Bang Theory - Panel' src='https:\/\/farm9.static.flickr.com\/8423\/7615556556_5389da6928_s.jpg' alt='The Big Bang Theory - Panel \u2022 &lt;a style=&quot;font-size:0.8em;&quot; href=&quot;http:\/\/www.flickr.com\/photos\/62862532@N00\/7615556556\/&quot; target=&quot;_blank&quot;&gt;View on Flickr&lt;\/a&gt;'\/><\/a><\/div><\/div><div class='afg-row'><div class='afg-cell' style='width:16%;'><a    href='https:\/\/farm8.staticflickr.com\/7114\/7615569840_e01f26c789_b.jpg' title='The Big Bang Theory - Panel'><img class='afg-img' title='The Big Bang Theory - Panel' src='https:\/\/farm8.static.flickr.com\/7114\/7615569840_e01f26c789_s.jpg' alt='The Big Bang Theory - Panel \u2022 &lt;a style=&quot;font-size:0.8em;&quot; href=&quot;http:\/\/www.flickr.com\/photos\/62862532@N00\/7615569840\/&quot; target=&quot;_blank&quot;&gt;View on Flickr&lt;\/a&gt;'\/><\/a><\/div><div class='afg-cell' style='width:16%;'><a    href='https:\/\/farm8.staticflickr.com\/7114\/7615582024_9a8844351b_b.jpg' title='The Big Bang Theory - Panel'><img class='afg-img' title='The Big Bang Theory - Panel' src='https:\/\/farm8.static.flickr.com\/7114\/7615582024_9a8844351b_s.jpg' alt='The Big Bang Theory - Panel \u2022 &lt;a style=&quot;font-size:0.8em;&quot; href=&quot;http:\/\/www.flickr.com\/photos\/62862532@N00\/7615582024\/&quot; target=&quot;_blank&quot;&gt;View on Flickr&lt;\/a&gt;'\/><\/a><\/div><div class='afg-cell' style='width:16%;'><a    href='https:\/\/farm9.staticflickr.com\/8018\/7615595946_85bb2f9f56_b.jpg' title='The Big Bang Theory - Panel'><img class='afg-img' title='The Big Bang Theory - Panel' src='https:\/\/farm9.static.flickr.com\/8018\/7615595946_85bb2f9f56_s.jpg' alt='The Big Bang Theory - Panel \u2022 &lt;a style=&quot;font-size:0.8em;&quot; href=&quot;http:\/\/www.flickr.com\/photos\/62862532@N00\/7615595946\/&quot; target=&quot;_blank&quot;&gt;View on Flickr&lt;\/a&gt;'\/><\/a><\/div><div class='afg-cell' style='width:16%;'><a    href='https:\/\/farm9.staticflickr.com\/8423\/7615607556_4a6e5f0ac5_b.jpg' title='The Big Bang Theory - Panel'><img class='afg-img' title='The Big Bang Theory - Panel' src='https:\/\/farm9.static.flickr.com\/8423\/7615607556_4a6e5f0ac5_s.jpg' alt='The Big Bang Theory - Panel \u2022 &lt;a style=&quot;font-size:0.8em;&quot; href=&quot;http:\/\/www.flickr.com\/photos\/62862532@N00\/7615607556\/&quot; target=&quot;_blank&quot;&gt;View on Flickr&lt;\/a&gt;'\/><\/a><\/div><div class='afg-cell' style='width:16%;'><a    href='https:\/\/farm9.staticflickr.com\/8027\/7615619418_b114dfd270_b.jpg' title='The Big Bang Theory - Panel'><img class='afg-img' title='The Big Bang Theory - Panel' src='https:\/\/farm9.static.flickr.com\/8027\/7615619418_b114dfd270_s.jpg' alt='The Big Bang Theory - Panel \u2022 &lt;a style=&quot;font-size:0.8em;&quot; href=&quot;http:\/\/www.flickr.com\/photos\/62862532@N00\/7615619418\/&quot; target=&quot;_blank&quot;&gt;View on Flickr&lt;\/a&gt;'\/><\/a><\/div><\/div><\/div><\/div><!-- Awesome Flickr Gallery End -->\n<p><iframe loading=\"lazy\" width=\"853\" height=\"480\" src=\"https:\/\/www.youtube.com\/embed\/lULDe2oRsQg?rel=0\" frameborder=\"0\" allowfullscreen><\/iframe><\/p>\n","protected":false},"excerpt":{"rendered":"<p>Les photos et la vid\u00e9o du Panel de The Big Bang Theory. S\u00e9rie diffus\u00e9e sur AMC.<\/p>\n","protected":false},"author":1,"featured_media":229,"parent":0,"menu_order":0,"comment_status":"open","ping_status":"closed","template":"page_wide.php","meta":{"footnotes":""},"class_list":["post-222","page","type-page","status-publish","has-post-thumbnail","hentry"],"aioseo_notices":[],"_links":{"self":[{"href":"https:\/\/titi.me\/comic-con\/wp-json\/wp\/v2\/pages\/222","targetHints":{"allow":["GET"]}}],"collection":[{"href":"https:\/\/titi.me\/comic-con\/wp-json\/wp\/v2\/pages"}],"about":[{"href":"https:\/\/titi.me\/comic-con\/wp-json\/wp\/v2\/types\/page"}],"author":[{"embeddable":true,"href":"https:\/\/titi.me\/comic-con\/wp-json\/wp\/v2\/users\/1"}],"replies":[{"embeddable":true,"href":"https:\/\/titi.me\/comic-con\/wp-json\/wp\/v2\/comments?post=222"}],"version-history":[{"count":5,"href":"https:\/\/titi.me\/comic-con\/wp-json\/wp\/v2\/pages\/222\/revisions"}],"predecessor-version":[{"id":245,"href":"https:\/\/titi.me\/comic-con\/wp-json\/wp\/v2\/pages\/222\/revisions\/245"}],"wp:featuredmedia":[{"embeddable":true,"href":"https:\/\/titi.me\/comic-con\/wp-json\/wp\/v2\/media\/229"}],"wp:attachment":[{"href":"https:\/\/titi.me\/comic-con\/wp-json\/wp\/v2\/media?parent=222"}],"curies":[{"name":"wp","href":"https:\/\/api.w.org\/{rel}","templated":true}]}}