{"id":2,"date":"2008-06-14T13:56:40","date_gmt":"2008-06-14T11:56:40","guid":{"rendered":"http:\/\/www.titi.me\/wp\/disney\/?page_id=2"},"modified":"2013-09-27T12:36:30","modified_gmt":"2013-09-27T16:36:30","slug":"a-propos","status":"publish","type":"page","link":"https:\/\/titi.me\/disney\/a-propos\/","title":{"rendered":"\u00c0 propos"},"content":{"rendered":"<p><strong>Pourquoi et Comment ?<\/strong><\/p>\n<p>Ce blog est une extension de Mon Blog principal <a title=\"Mon Blog - titi.me\" href=\"http:\/\/www.titi.me\" target=\"_self\">titi.me<\/a>, afin de ne pas tout m\u00e9langer, et faire quelque chose de sp\u00e9cial pour cette ann\u00e9e aux Etats-Unis. Une exp\u00e9rience unique dans ma vie !<\/p>\n<p><a title=\"International Services\" href=\"http:\/\/www.internationalservices.fr\" target=\"_blank\">International Services<\/a> est une agence de recrutement, qui recrute notamment pour des postes au parc Walt Disney World, \u00e0 Orlando en Floride. Et plus particuli\u00e8rement au parc d&rsquo;<a title=\"E.P.C.O.T - Walt Disney World\" href=\"http:\/\/fr.wikipedia.org\/wiki\/Epcot\" target=\"_blank\">E.P.C.O.T Center<\/a>, o\u00f9 plusieurs pays dont la France sont repr\u00e9sent\u00e9s. J&rsquo;y pars donc en tant que <em>repr\u00e9sentant culturel<\/em>. Je serais au d\u00e9but dans une boulangerie \u00ab\u00a0fran\u00e7aise\u00a0\u00bb, \u00e0 vendre des p\u00e2tisseries venues de notre cher pays, et par la suite je pourrais \u00eatre au restaurant fran\u00e7ais <em>Chefs de France<\/em> \u00e0 accueillir les \u00ab\u00a0guests\u00a0\u00bb (clients du parc), puis commis. Avec un peu chance je peux aussi me retrouver dans des \u00ab\u00a0karts\u00a0\u00bb (cabanon) \u00e0 vendre des vins, ou faire des cr\u00e8pes&#8230;<\/p>\n<p>Au moins deux fois par an, \u00e0 l&rsquo;automne et au printemps, il y a une session de recrutement, et c&rsquo;est ainsi que j&rsquo;ai pu partir ce 9 septembre 2008.<\/p>\n<p>Sur le site d&rsquo;International Services, vous trouverez tous les d\u00e9tails n\u00e9cessaires, ainsi que les diff\u00e9rents postes propos\u00e9s. On peut travailler deux mois l&rsquo;\u00e9t\u00e9, six mois ou une ann\u00e9e compl\u00e8te (voir 14 mois). Les postes ne sont pas les m\u00eames suivant la dur\u00e9e du contrat. Vous n&rsquo;\u00eates pas non plus oblig\u00e9 de travailler \u00e0 E.P.C.O.T.<\/p>\n<p>Pour cette exp\u00e9rience, un minimum d&rsquo;anglais est requis. Le niveau demand\u00e9 peut varier, tout d\u00e9pendra du poste au quel vous postulez. Sachez enfin, qu&rsquo;une grande majorit\u00e9 dans candidats \u00e0 l&rsquo;entretien final sont s\u00e9lectionn\u00e9s. \ud83d\ude09<\/p>\n<p>L&rsquo;h\u00e9bergement ? Vous \u00eates heberg\u00e9s par Disney, dans une des quatre grandes r\u00e9sidences pour les employ\u00e9s. Vous partagez un appart. avec 2, 4 ou 8 collocataires de pays diff\u00e9rents. 2 par chambre et salle de bain partag\u00e9e. Vous payez un loyer chaque semaine qui s&rsquo;\u00e9l\u00e8ve \u00e0 une centaine de dollars (automatiquement d\u00e9duit de votre paie), et vous devez \u00e9galement vous nourrir \u00e0 vos frais.<\/p>\n<p>Vous trouverez beaucoup d&rsquo;autres infos sur le <a href=\"http:\/\/ip.disneycareers.com\" target=\"_blank\">Site Officiel<\/a>.<\/p>\n<p>En esp\u00e9rant vous avoir un peu plus \u00e9clair\u00e9 si vous \u00eates tomb\u00e9 sur ce blog par hasard ! N&rsquo;h\u00e9sitez pas \u00e0 <a title=\"Contact\" href=\"..\/contact\/\" target=\"_self\">me contacter<\/a>, je tacherais de vous r\u00e9pondre d\u00e8s que possible.<\/p>\n<p>A bient\u00f4t&#8230; Thibault, titi<\/p>\n","protected":false},"excerpt":{"rendered":"<p>Pourquoi et Comment ? Ce blog est une extension de Mon Blog principal titi.me, afin de ne pas tout m\u00e9langer, et faire quelque chose de sp\u00e9cial pour cette ann\u00e9e aux Etats-Unis. Une exp\u00e9rience unique dans ma vie ! International Services est une agence de recrutement, qui recrute notamment pour des postes au parc Walt Disney [&hellip;]<\/p>\n","protected":false},"author":1,"featured_media":0,"parent":0,"menu_order":1,"comment_status":"open","ping_status":"open","template":"","meta":{"footnotes":""},"class_list":["post-2","page","type-page","status-publish","hentry"],"aioseo_notices":[],"_links":{"self":[{"href":"https:\/\/titi.me\/disney\/wp-json\/wp\/v2\/pages\/2","targetHints":{"allow":["GET"]}}],"collection":[{"href":"https:\/\/titi.me\/disney\/wp-json\/wp\/v2\/pages"}],"about":[{"href":"https:\/\/titi.me\/disney\/wp-json\/wp\/v2\/types\/page"}],"author":[{"embeddable":true,"href":"https:\/\/titi.me\/disney\/wp-json\/wp\/v2\/users\/1"}],"replies":[{"embeddable":true,"href":"https:\/\/titi.me\/disney\/wp-json\/wp\/v2\/comments?post=2"}],"version-history":[{"count":23,"href":"https:\/\/titi.me\/disney\/wp-json\/wp\/v2\/pages\/2\/revisions"}],"predecessor-version":[{"id":584,"href":"https:\/\/titi.me\/disney\/wp-json\/wp\/v2\/pages\/2\/revisions\/584"}],"wp:attachment":[{"href":"https:\/\/titi.me\/disney\/wp-json\/wp\/v2\/media?parent=2"}],"curies":[{"name":"wp","href":"https:\/\/api.w.org\/{rel}","templated":true}]}}