{"id":9,"date":"2008-06-14T22:02:38","date_gmt":"2008-06-14T20:02:38","guid":{"rendered":"http:\/\/www.titi.me\/wp\/disney\/?page_id=9"},"modified":"2021-06-28T09:10:43","modified_gmt":"2021-06-28T13:10:43","slug":"contact","status":"publish","type":"page","link":"https:\/\/titi.me\/disney\/contact\/","title":{"rendered":"Contact"},"content":{"rendered":"<p>Avant de me contacter, lisez la rubrique \u00ab <a title=\"\u00c0 propos\" href=\"a-propos\/\">\u00c0 propos<\/a> \u00bb, peut-\u00eatre que la r\u00e9ponse \u00e0 votre question s&rsquo;y trouve d\u00e9j\u00e0&#8230;<\/p>\n","protected":false},"excerpt":{"rendered":"<p>Avant de me contacter, lisez la rubrique \u00ab \u00c0 propos \u00bb, peut-\u00eatre que la r\u00e9ponse \u00e0 votre question s&rsquo;y trouve d\u00e9j\u00e0&#8230;<\/p>\n","protected":false},"author":1,"featured_media":0,"parent":0,"menu_order":2,"comment_status":"open","ping_status":"open","template":"","meta":{"footnotes":""},"class_list":["post-9","page","type-page","status-publish","hentry"],"aioseo_notices":[],"_links":{"self":[{"href":"https:\/\/titi.me\/disney\/wp-json\/wp\/v2\/pages\/9","targetHints":{"allow":["GET"]}}],"collection":[{"href":"https:\/\/titi.me\/disney\/wp-json\/wp\/v2\/pages"}],"about":[{"href":"https:\/\/titi.me\/disney\/wp-json\/wp\/v2\/types\/page"}],"author":[{"embeddable":true,"href":"https:\/\/titi.me\/disney\/wp-json\/wp\/v2\/users\/1"}],"replies":[{"embeddable":true,"href":"https:\/\/titi.me\/disney\/wp-json\/wp\/v2\/comments?post=9"}],"version-history":[{"count":17,"href":"https:\/\/titi.me\/disney\/wp-json\/wp\/v2\/pages\/9\/revisions"}],"predecessor-version":[{"id":687,"href":"https:\/\/titi.me\/disney\/wp-json\/wp\/v2\/pages\/9\/revisions\/687"}],"wp:attachment":[{"href":"https:\/\/titi.me\/disney\/wp-json\/wp\/v2\/media?parent=9"}],"curies":[{"name":"wp","href":"https:\/\/api.w.org\/{rel}","templated":true}]}}