{"id":2,"date":"2011-02-28T16:35:01","date_gmt":"2011-02-28T16:35:01","guid":{"rendered":"http:\/\/www.titi.me\/easyJet\/wordpress\/?page_id=2"},"modified":"2023-04-13T11:37:33","modified_gmt":"2023-04-13T11:37:33","slug":"contact","status":"publish","type":"page","link":"https:\/\/titi.me\/easyJet\/contact\/","title":{"rendered":"Contact"},"content":{"rendered":"<p>Merci de lire attentivement ce qui suit avant de me contacter, sans quoi vous pourriez ne pas obtenir de r\u00e9ponse&#8230;<\/p>\n<ul>\n<li>Vous trouverez peut-\u00eatre votre r\u00e9ponse dans la page <a title=\"\u00c0 propos\" href=\"a-propos\/\">\u00c0 Propos<\/a>.<\/li>\n<li>Pour toutes questions regardant le <strong>recrutement <\/strong>vous trouverez vos r\u00e9ponses sur le site et le forum\u00a0<a title=\"PNC Contact\" href=\"http:\/\/www.pnc-contact.com\" target=\"_blank\" rel=\"noopener\">pnc-contact.com<\/a> et plus principalement sur\u00a0<a title=\"easyJet careers\" href=\"https:\/\/careers.easyjet.com\/fr\" target=\"_blank\" rel=\"noopener\">careers.easyjet.com<\/a>.<\/li>\n<\/ul>\n<p>Autrement je fais de mon mieux pour vous r\u00e9pondre, cependant avec mon emploi du temps relativement charg\u00e9 il se peut que ma r\u00e9ponse tarde. Quoi qu&rsquo;il en soit merci de patienter&#8230; ;)<\/p>\n","protected":false},"excerpt":{"rendered":"<p>Merci de lire attentivement ce qui suit avant de me contacter, sans quoi vous pourriez ne pas obtenir de r\u00e9ponse&#8230; Vous trouverez peut-\u00eatre votre r\u00e9ponse dans la page \u00c0 Propos. Pour toutes questions regardant le recrutement vous trouverez vos r\u00e9ponses sur le site et le forum\u00a0pnc-contact.com et plus principalement sur\u00a0careers.easyjet.com. Autrement je fais de mon [&hellip;]<\/p>\n","protected":false},"author":1,"featured_media":0,"parent":0,"menu_order":0,"comment_status":"closed","ping_status":"closed","template":"","meta":{"footnotes":""},"class_list":["post-2","page","type-page","status-publish","hentry"],"_links":{"self":[{"href":"https:\/\/titi.me\/easyJet\/wp-json\/wp\/v2\/pages\/2","targetHints":{"allow":["GET"]}}],"collection":[{"href":"https:\/\/titi.me\/easyJet\/wp-json\/wp\/v2\/pages"}],"about":[{"href":"https:\/\/titi.me\/easyJet\/wp-json\/wp\/v2\/types\/page"}],"author":[{"embeddable":true,"href":"https:\/\/titi.me\/easyJet\/wp-json\/wp\/v2\/users\/1"}],"replies":[{"embeddable":true,"href":"https:\/\/titi.me\/easyJet\/wp-json\/wp\/v2\/comments?post=2"}],"version-history":[{"count":10,"href":"https:\/\/titi.me\/easyJet\/wp-json\/wp\/v2\/pages\/2\/revisions"}],"predecessor-version":[{"id":234,"href":"https:\/\/titi.me\/easyJet\/wp-json\/wp\/v2\/pages\/2\/revisions\/234"}],"wp:attachment":[{"href":"https:\/\/titi.me\/easyJet\/wp-json\/wp\/v2\/media?parent=2"}],"curies":[{"name":"wp","href":"https:\/\/api.w.org\/{rel}","templated":true}]}}