{"id":28,"date":"2011-02-28T20:49:09","date_gmt":"2011-02-28T20:49:09","guid":{"rendered":"http:\/\/www.titi.me\/easyJet\/?page_id=28"},"modified":"2015-08-02T09:51:25","modified_gmt":"2015-08-02T09:51:25","slug":"a-propos","status":"publish","type":"page","link":"https:\/\/titi.me\/easyJet\/a-propos\/","title":{"rendered":"\u00c0 propos"},"content":{"rendered":"<p>Ce blog est une extension de mon blog principal <a title=\"titi.me\" href=\"\/\">titi.me<\/a>.<\/p>\n<p>J&rsquo;ai d\u00e9cid\u00e9 de raconter mon aventure, mes vols, mes gal\u00e8res&#8230; Afin d&rsquo;aider beaucoup d&rsquo;entre vous qui souhaite int\u00e9grer une compagnie a\u00e9rienne, et notamment easyJet. Ceci afin de vous donner une id\u00e9e du m\u00e9tier, de la r\u00e9alit\u00e9, et faire taire aussi certains mythes. :)<\/p>\n<p>Recrut\u00e9 en novembre 2010, j&rsquo;ai int\u00e9gr\u00e9 la compagnie en mars 2011. J&rsquo;essaie de vous faire suivre aux mieux mon exp\u00e9rience. Vous pouvez <a title=\"Contact\" href=\"contact\/\">me contacter<\/a>, mais avant tout je vous invite \u00e0 visiter deux sites <a title=\"PNC Contact\" href=\"http:\/\/www.pnc-contact.com\/\" target=\"_blank\">pnc-contact.com<\/a> et <a title=\"easyJet careers\" href=\"https:\/\/careers.easyjet.com\/fr\/\" target=\"_blank\">careers.easyjet.com<\/a> o\u00f9 vous trouverez bon nombres de r\u00e9ponses \u00e0 vos questions, et \u00e7a \u00e9vitera que je me r\u00e9p\u00e8te ind\u00e9finiment. Merci =)<\/p>\n","protected":false},"excerpt":{"rendered":"<p>Ce blog est une extension de mon blog principal titi.me. J&rsquo;ai d\u00e9cid\u00e9 de raconter mon aventure, mes vols, mes gal\u00e8res&#8230; Afin d&rsquo;aider beaucoup d&rsquo;entre vous qui souhaite int\u00e9grer une compagnie a\u00e9rienne, et notamment easyJet. Ceci afin de vous donner une id\u00e9e du m\u00e9tier, de la r\u00e9alit\u00e9, et faire taire aussi certains mythes. :) Recrut\u00e9 en [&hellip;]<\/p>\n","protected":false},"author":1,"featured_media":0,"parent":0,"menu_order":0,"comment_status":"open","ping_status":"closed","template":"template-fullwidth.php","meta":{"footnotes":""},"class_list":["post-28","page","type-page","status-publish","hentry"],"_links":{"self":[{"href":"https:\/\/titi.me\/easyJet\/wp-json\/wp\/v2\/pages\/28","targetHints":{"allow":["GET"]}}],"collection":[{"href":"https:\/\/titi.me\/easyJet\/wp-json\/wp\/v2\/pages"}],"about":[{"href":"https:\/\/titi.me\/easyJet\/wp-json\/wp\/v2\/types\/page"}],"author":[{"embeddable":true,"href":"https:\/\/titi.me\/easyJet\/wp-json\/wp\/v2\/users\/1"}],"replies":[{"embeddable":true,"href":"https:\/\/titi.me\/easyJet\/wp-json\/wp\/v2\/comments?post=28"}],"version-history":[{"count":13,"href":"https:\/\/titi.me\/easyJet\/wp-json\/wp\/v2\/pages\/28\/revisions"}],"predecessor-version":[{"id":198,"href":"https:\/\/titi.me\/easyJet\/wp-json\/wp\/v2\/pages\/28\/revisions\/198"}],"wp:attachment":[{"href":"https:\/\/titi.me\/easyJet\/wp-json\/wp\/v2\/media?parent=28"}],"curies":[{"name":"wp","href":"https:\/\/api.w.org\/{rel}","templated":true}]}}